{"id":62,"date":"2025-11-24T14:50:37","date_gmt":"2025-11-24T14:50:37","guid":{"rendered":"https:\/\/www.achetnembutal.online\/?page_id=62"},"modified":"2025-11-24T14:50:40","modified_gmt":"2025-11-24T14:50:40","slug":"achetez-votre-nembutal-a-toute-discretion","status":"publish","type":"page","link":"https:\/\/www.achetnembutal.online\/?page_id=62","title":{"rendered":"Achetez votre Nembutal \u00e0 toute discr\u00e9tion"},"content":{"rendered":"\n<h2 class=\"wp-block-heading\">Achetez votre Nembutal \u00e0 toute discr\u00e9tion ici<\/h2>\n\n\n\n<p class=\"wp-block-paragraph\">Achetez votre Nembutal \u00e0 toute discr\u00e9tion Nous mettons \u00e0 votre disposition un produit de qualit\u00e9 irr\u00e9prochable respectant toutes les normes et toutes les \u00e9ditions pr\u00e9vues par la r\u00e9glementation pharmaceutique<\/p>\n\n\n\n<figure class=\"wp-block-image size-large\"><img loading=\"lazy\" decoding=\"async\" width=\"1024\" height=\"512\" src=\"https:\/\/www.achetnembutal.online\/wp-content\/uploads\/2025\/11\/19578832lpw-19578831-article-jpg_6609638_1250x625-1024x512.jpg\" alt=\"Achetez votre Nembutal \u00e0 toute discr\u00e9tion\" class=\"wp-image-42\" srcset=\"https:\/\/www.achetnembutal.online\/wp-content\/uploads\/2025\/11\/19578832lpw-19578831-article-jpg_6609638_1250x625-1024x512.jpg 1024w, https:\/\/www.achetnembutal.online\/wp-content\/uploads\/2025\/11\/19578832lpw-19578831-article-jpg_6609638_1250x625-300x150.jpg 300w, https:\/\/www.achetnembutal.online\/wp-content\/uploads\/2025\/11\/19578832lpw-19578831-article-jpg_6609638_1250x625-768x384.jpg 768w, https:\/\/www.achetnembutal.online\/wp-content\/uploads\/2025\/11\/19578832lpw-19578831-article-jpg_6609638_1250x625.jpg 1250w\" sizes=\"auto, (max-width: 1024px) 100vw, 1024px\" \/><\/figure>\n\n\n\n<p class=\"wp-block-paragraph\"><\/p>\n\n\n\n<p class=\"wp-block-paragraph\"> Depuis d\u00e9j\u00e0 plus de 3 d\u00e9cennies nous sommes au service des autres Car nous savons que la vie a un prix et rien ne vaut la vie mais aussi chacun a le droit de d\u00e9cider de sa vie lorsque celle-ci para\u00eet sombre<\/p>\n\n\n\n<h2 class=\"wp-block-heading\"> Vous avez besoin d&#8217;une solution efficace et finale \u00e0 votre douleur<\/h2>\n\n\n\n<p class=\"wp-block-paragraph\"><\/p>\n\n\n\n<h2 class=\"wp-block-heading\">Nous reproduit le Nembutal est une marque d\u00e9pos\u00e9e<\/h2>\n\n\n\n<p class=\"wp-block-paragraph\"> Nous mettons un accent particulier sur la qualit\u00e9 et la conception de ce produit en fonction de votre \u00c9tat \u00e9motionnel. physique <\/p>\n\n\n\n<p class=\"wp-block-paragraph\"> Nous commencerons par une consultation en ligne par une s\u00e9rie de questions r\u00e9ponses qui d\u00e8s lors nous donnera le grammage exact en fonction d&#8217;un nombre De param\u00e8tres bien d\u00e9termin\u00e9s<\/p>\n\n\n\n<figure class=\"wp-block-image aligncenter size-full is-resized\"><img loading=\"lazy\" decoding=\"async\" width=\"300\" height=\"168\" src=\"https:\/\/www.achetnembutal.online\/wp-content\/uploads\/2025\/11\/images-14.jpg\" alt=\"Achetez votre Nembutal \u00e0 toute discr\u00e9tion\" class=\"wp-image-41\" style=\"width:300px;height:auto\"\/><\/figure>\n\n\n\n<p class=\"wp-block-paragraph\"><\/p>\n\n\n\n<p class=\"wp-block-paragraph\"><\/p>\n\n\n\n<div class=\"wp-block-cover alignwide wp-block-section wp-block-header-media-no-image\"><span aria-hidden=\"true\" class=\"wp-block-cover__background has-background-background-color has-background-dim-0 has-background-dim\"><\/span><div class=\"wp-block-cover__inner-container is-layout-flow wp-block-cover-is-layout-flow\">\n<div class=\"wp-block-group is-layout-constrained wp-block-group-is-layout-constrained\">\n<div class=\"wp-block-group header-title-wrapper is-content-justification-center is-layout-constrained wp-block-group-is-layout-constrained\">\n<div class=\"wp-block-group header-animate-wrap is-layout-constrained wp-block-group-is-layout-constrained\">\n<h2 class=\"wp-block-heading has-text-align-center header-animate has-huge-display-font-size\" style=\"font-style:normal;font-weight:500\">Acheter votre Nembutal en france en un clic ici<\/h2>\n<\/div>\n<\/div>\n\n\n\n<p class=\"has-text-align-center has-body-text-color has-text-color has-content-heading-font-size wp-block-paragraph\">Nous mettons \u00e0 votre disposition le Nembutal sur tous types de formes liquides ou encore en pourdre c est disponible<\/p>\n\n\n\n<div class=\"wp-block-buttons is-content-justification-center is-layout-flex wp-container-core-buttons-is-layout-240ea2fc wp-block-buttons-is-layout-flex\" style=\"margin-top:14px\">\n<div class=\"wp-block-button\"><a class=\"wp-block-button__link wp-element-button\" href=\"https:\/\/www.achetnembutal.online\/\">N&#8217;h\u00e9sitez pas \u00e0 nous contacter via WhatsApp ou par Mail <\/a><\/div>\n<\/div>\n<\/div>\n<\/div><\/div>\n\n\n\n<p class=\"wp-block-paragraph\"><\/p>\n\n\n\n<p class=\"wp-block-paragraph\"><\/p>\n","protected":false},"excerpt":{"rendered":"<p>Achetez votre Nembutal \u00e0 toute discr\u00e9tion ici Achetez votre Nembutal \u00e0 toute discr\u00e9tion Nous mettons \u00e0 votre disposition un produit de qualit\u00e9 irr\u00e9prochable respectant toutes les normes et toutes les \u00e9ditions pr\u00e9vues par la r\u00e9glementation pharmaceutique Depuis d\u00e9j\u00e0 plus de 3 d\u00e9cennies nous sommes au service des autres Car nous savons que la vie a [&hellip;]<\/p>\n","protected":false},"author":1,"featured_media":0,"parent":0,"menu_order":0,"comment_status":"closed","ping_status":"closed","template":"","meta":{"_crdt_document":"","footnotes":""},"class_list":["post-62","page","type-page","status-publish","hentry"],"_links":{"self":[{"href":"https:\/\/www.achetnembutal.online\/index.php?rest_route=\/wp\/v2\/pages\/62","targetHints":{"allow":["GET"]}}],"collection":[{"href":"https:\/\/www.achetnembutal.online\/index.php?rest_route=\/wp\/v2\/pages"}],"about":[{"href":"https:\/\/www.achetnembutal.online\/index.php?rest_route=\/wp\/v2\/types\/page"}],"author":[{"embeddable":true,"href":"https:\/\/www.achetnembutal.online\/index.php?rest_route=\/wp\/v2\/users\/1"}],"replies":[{"embeddable":true,"href":"https:\/\/www.achetnembutal.online\/index.php?rest_route=%2Fwp%2Fv2%2Fcomments&post=62"}],"version-history":[{"count":1,"href":"https:\/\/www.achetnembutal.online\/index.php?rest_route=\/wp\/v2\/pages\/62\/revisions"}],"predecessor-version":[{"id":66,"href":"https:\/\/www.achetnembutal.online\/index.php?rest_route=\/wp\/v2\/pages\/62\/revisions\/66"}],"wp:attachment":[{"href":"https:\/\/www.achetnembutal.online\/index.php?rest_route=%2Fwp%2Fv2%2Fmedia&parent=62"}],"curies":[{"name":"wp","href":"https:\/\/api.w.org\/{rel}","templated":true}]}}