{"id":55,"date":"2025-11-23T07:30:19","date_gmt":"2025-11-23T07:30:19","guid":{"rendered":"https:\/\/www.achetnembutal.online\/?page_id=55"},"modified":"2025-11-23T07:39:03","modified_gmt":"2025-11-23T07:39:03","slug":"nembutal-en-vente","status":"publish","type":"page","link":"https:\/\/www.achetnembutal.online\/?page_id=55","title":{"rendered":"NEMBUTAL EN VENTE"},"content":{"rendered":"\n<h2 class=\"wp-block-heading\">NEMBUTAL EN VENTE ICI<\/h2>\n\n\n\n<h2 class=\"wp-block-heading\">Usage dans l&#8217;Euthanasie et l&#8217;Aide \u00e0 Mourir<\/h2>\n\n\n\n<p class=\"wp-block-paragraph\">C&#8217;est l&#8217;usage le plus m\u00e9diatis\u00e9 et controvers\u00e9 du Nembutal :<\/p>\n\n\n\n<ul class=\"wp-block-list\">\n<li><strong>M\u00e9canisme L\u00e9tal :<\/strong> Lorsqu&#8217;il est administr\u00e9 \u00e0 tr\u00e8s forte dose, le pentobarbital plonge la personne dans un <strong>coma profond<\/strong> puis provoque un <strong>arr\u00eat respiratoire<\/strong>, suivi d&#8217;un arr\u00eat cardiaque. On consid\u00e8re qu&#8217;il induit une <strong>mort sans douleur<\/strong> per\u00e7ue.<\/li>\n\n\n\n<li><strong>Cadre L\u00e9gal :<\/strong> Le Nembutal est la substance la plus couramment utilis\u00e9e pour l&#8217;aide m\u00e9dicale \u00e0 mourir (AMM) ou le suicide assist\u00e9 dans les juridictions o\u00f9 cette pratique est l\u00e9gale (comme aux Pays-Bas, en Belgique, au Luxembourg, et certains \u00c9tats des \u00c9tats-Unis et cantons de Suisse).<\/li>\n\n\n\n<li><strong>M\u00e9decine V\u00e9t\u00e9rinaire :<\/strong> Il reste l&#8217;agent de choix standard pour l&#8217;euthanasie des animaux dans la plupart des pays.<\/li>\n<\/ul>\n\n\n\n<figure class=\"wp-block-image size-full\"><img loading=\"lazy\" decoding=\"async\" width=\"483\" height=\"316\" src=\"https:\/\/www.achetnembutal.online\/wp-content\/uploads\/2025\/11\/OIP-14.webp\" alt=\"NEMBUTAL EN VENTE\" class=\"wp-image-10\" srcset=\"https:\/\/www.achetnembutal.online\/wp-content\/uploads\/2025\/11\/OIP-14.webp 483w, https:\/\/www.achetnembutal.online\/wp-content\/uploads\/2025\/11\/OIP-14-300x196.webp 300w\" sizes=\"auto, (max-width: 483px) 100vw, 483px\" \/><\/figure>\n\n\n\n<p class=\"wp-block-paragraph\"><\/p>\n\n\n\n<h2 class=\"wp-block-heading\"><a href=\"https:\/\/www.achetnembutal.online\/\">Acheter NEMBUTAL EN VENTE<\/a><\/h2>\n\n\n\n<p class=\"wp-block-paragraph\"><\/p>\n\n\n\n<p class=\"wp-block-paragraph\">nous mettons a votre disposition un produit de qualit\u00e9 sup\u00e9rieur acheter votre <a href=\"http:\/\/NEMBUTAL EN VENTE\">Nembutal<\/a> en toute discr\u00e9tion en un clic et faite vous livrer en 48 h et 72h si vous \u00eates hors de la France nous avons la formule exacte pour vous<\/p>\n\n\n\n<p class=\"wp-block-paragraph\"><\/p>\n\n\n\n<figure class=\"wp-block-image size-full\"><img loading=\"lazy\" decoding=\"async\" width=\"474\" height=\"315\" src=\"https:\/\/www.achetnembutal.online\/wp-content\/uploads\/2025\/11\/OIP-13.webp\" alt=\"NEMBUTAL EN VENTE\" class=\"wp-image-11\" srcset=\"https:\/\/www.achetnembutal.online\/wp-content\/uploads\/2025\/11\/OIP-13.webp 474w, https:\/\/www.achetnembutal.online\/wp-content\/uploads\/2025\/11\/OIP-13-300x199.webp 300w\" sizes=\"auto, (max-width: 474px) 100vw, 474px\" \/><\/figure>\n\n\n\n<p class=\"wp-block-paragraph\"><\/p>\n\n\n\n<h2 class=\"wp-block-heading\">une consultation en ligne avant votre achat<\/h2>\n\n\n\n<p class=\"wp-block-paragraph\"> Nous vous consultons avant de proc\u00e9der \u00e0 un livraison de vos commandes nous le rassurons que nous mettons tout en \u0153uvre pour que dose l&#8217;\u00c9tat soit efficace<\/p>\n\n\n\n<p class=\"wp-block-paragraph\"> Vous aurez un questionnaire \u00e0 remplir en fonction de cela nous mettons usr pieds votre commande <\/p>\n\n\n\n<figure class=\"wp-block-image size-full\"><img loading=\"lazy\" decoding=\"async\" width=\"734\" height=\"391\" src=\"https:\/\/www.achetnembutal.online\/wp-content\/uploads\/2025\/11\/medical-doctor-near-me.jpg\" alt=\"NEMBUTAL EN VENTE\" class=\"wp-image-33\" srcset=\"https:\/\/www.achetnembutal.online\/wp-content\/uploads\/2025\/11\/medical-doctor-near-me.jpg 734w, https:\/\/www.achetnembutal.online\/wp-content\/uploads\/2025\/11\/medical-doctor-near-me-300x160.jpg 300w\" sizes=\"auto, (max-width: 734px) 100vw, 734px\" \/><\/figure>\n\n\n\n<h2 class=\"wp-block-heading\">pourqoui nous choisir ?<\/h2>\n\n\n\n<p class=\"wp-block-paragraph\"> Nous sommes une \u00e9quipe de sp\u00e9cialistes en l&#8217;euthanasie assist\u00e9 et en pharmaceutique<\/p>\n\n\n\n<p class=\"wp-block-paragraph\"> Nous avons donc tous les moyens et les aptitudes n\u00e9cessaires pour vous accompagner<\/p>\n\n\n\n<figure class=\"wp-block-image size-full\"><img loading=\"lazy\" decoding=\"async\" width=\"608\" height=\"360\" src=\"https:\/\/www.achetnembutal.online\/wp-content\/uploads\/2025\/11\/360_F_1132374994_wbzEDDIiOn2rz2JDgSVrTBl4pSpxbJaA.jpg\" alt=\"Acheter votre NEMBUTAL\" class=\"wp-image-23\" srcset=\"https:\/\/www.achetnembutal.online\/wp-content\/uploads\/2025\/11\/360_F_1132374994_wbzEDDIiOn2rz2JDgSVrTBl4pSpxbJaA.jpg 608w, https:\/\/www.achetnembutal.online\/wp-content\/uploads\/2025\/11\/360_F_1132374994_wbzEDDIiOn2rz2JDgSVrTBl4pSpxbJaA-300x178.jpg 300w\" sizes=\"auto, (max-width: 608px) 100vw, 608px\" \/><\/figure>\n\n\n\n<p class=\"wp-block-paragraph\"><\/p>\n\n\n\n<h2 class=\"wp-block-heading\">ACHETER VOTRE NEMBUTAL ICI<\/h2>\n","protected":false},"excerpt":{"rendered":"<p>NEMBUTAL EN VENTE ICI Usage dans l&#8217;Euthanasie et l&#8217;Aide \u00e0 Mourir C&#8217;est l&#8217;usage le plus m\u00e9diatis\u00e9 et controvers\u00e9 du Nembutal : Acheter NEMBUTAL EN VENTE nous mettons a votre disposition un produit de qualit\u00e9 sup\u00e9rieur acheter votre Nembutal en toute discr\u00e9tion en un clic et faite vous livrer en 48 h et 72h si vous [&hellip;]<\/p>\n","protected":false},"author":1,"featured_media":0,"parent":0,"menu_order":0,"comment_status":"closed","ping_status":"closed","template":"","meta":{"_crdt_document":"","footnotes":""},"class_list":["post-55","page","type-page","status-publish","hentry"],"_links":{"self":[{"href":"https:\/\/www.achetnembutal.online\/index.php?rest_route=\/wp\/v2\/pages\/55","targetHints":{"allow":["GET"]}}],"collection":[{"href":"https:\/\/www.achetnembutal.online\/index.php?rest_route=\/wp\/v2\/pages"}],"about":[{"href":"https:\/\/www.achetnembutal.online\/index.php?rest_route=\/wp\/v2\/types\/page"}],"author":[{"embeddable":true,"href":"https:\/\/www.achetnembutal.online\/index.php?rest_route=\/wp\/v2\/users\/1"}],"replies":[{"embeddable":true,"href":"https:\/\/www.achetnembutal.online\/index.php?rest_route=%2Fwp%2Fv2%2Fcomments&post=55"}],"version-history":[{"count":2,"href":"https:\/\/www.achetnembutal.online\/index.php?rest_route=\/wp\/v2\/pages\/55\/revisions"}],"predecessor-version":[{"id":58,"href":"https:\/\/www.achetnembutal.online\/index.php?rest_route=\/wp\/v2\/pages\/55\/revisions\/58"}],"wp:attachment":[{"href":"https:\/\/www.achetnembutal.online\/index.php?rest_route=%2Fwp%2Fv2%2Fmedia&parent=55"}],"curies":[{"name":"wp","href":"https:\/\/api.w.org\/{rel}","templated":true}]}}