{"id":49,"date":"2025-11-22T21:50:38","date_gmt":"2025-11-22T21:50:38","guid":{"rendered":"https:\/\/www.achetnembutal.online\/?page_id=49"},"modified":"2025-11-22T21:50:40","modified_gmt":"2025-11-22T21:50:40","slug":"nembutal","status":"publish","type":"page","link":"https:\/\/www.achetnembutal.online\/?page_id=49","title":{"rendered":"Acheter\u00a0 NEMBUTAL express livraison en 48 h"},"content":{"rendered":"\n<h2 class=\"wp-block-heading\">Acheter\u00a0 NEMBUTAL express livraison en 48 h <\/h2>\n\n\n\n<p class=\"wp-block-paragraph\">Nous mettons un accent sur  la rapidit\u00e9 dans la livraison de vos commandes Nos \u00e9quipes sont sp\u00e9cialis\u00e9es et ont pour but majeur vos satisfactions N&#8217;h\u00e9sitez pas \u00e0 nous faire confiance achetez votre nembutal ici<\/p>\n\n\n\n<figure class=\"wp-block-image size-full\"><img loading=\"lazy\" decoding=\"async\" width=\"512\" height=\"317\" src=\"https:\/\/www.achetnembutal.online\/wp-content\/uploads\/2025\/11\/ref.jpg\" alt=\"Acheter  NEMBUTAL express livraison en 48 h\" class=\"wp-image-50\" srcset=\"https:\/\/www.achetnembutal.online\/wp-content\/uploads\/2025\/11\/ref.jpg 512w, https:\/\/www.achetnembutal.online\/wp-content\/uploads\/2025\/11\/ref-300x186.jpg 300w\" sizes=\"auto, (max-width: 512px) 100vw, 512px\" \/><\/figure>\n\n\n\n<h2 class=\"wp-block-heading\">Acheter\u00a0 NEMBUTAL express livraison en 48 h<\/h2>\n\n\n\n<figure class=\"wp-block-image size-full is-resized\"><img loading=\"lazy\" decoding=\"async\" width=\"590\" height=\"390\" src=\"https:\/\/www.achetnembutal.online\/wp-content\/uploads\/2025\/11\/1_1153308.jpg\" alt=\"Acheter  NEMBUTAL express livraison en 48 h\" class=\"wp-image-51\" style=\"aspect-ratio:1.5128205128205128;width:590px;height:auto\" srcset=\"https:\/\/www.achetnembutal.online\/wp-content\/uploads\/2025\/11\/1_1153308.jpg 590w, https:\/\/www.achetnembutal.online\/wp-content\/uploads\/2025\/11\/1_1153308-300x198.jpg 300w\" sizes=\"auto, (max-width: 590px) 100vw, 590px\" \/><\/figure>\n\n\n\n<p class=\"wp-block-paragraph\"><\/p>\n\n\n\n<figure class=\"wp-block-image size-full\"><img loading=\"lazy\" decoding=\"async\" width=\"700\" height=\"246\" src=\"https:\/\/www.achetnembutal.online\/wp-content\/uploads\/2025\/11\/qui-sommes-nous-1.png\" alt=\"Acheter  NEMBUTAL express livraison en 48 h\" class=\"wp-image-52\" srcset=\"https:\/\/www.achetnembutal.online\/wp-content\/uploads\/2025\/11\/qui-sommes-nous-1.png 700w, https:\/\/www.achetnembutal.online\/wp-content\/uploads\/2025\/11\/qui-sommes-nous-1-300x105.png 300w\" sizes=\"auto, (max-width: 700px) 100vw, 700px\" \/><\/figure>\n\n\n\n<p class=\"wp-block-paragraph\"><\/p>\n\n\n\n<p class=\"wp-block-paragraph\"> Nous sommes en groupe de collaborateurs et des sp\u00e9cialistes dans le domaine pharmaceutique nous sommes sp\u00e9cialistes en assistance \u00e0 l&#8217;euthanasie<\/p>\n\n\n\n<p class=\"wp-block-paragraph\"> Nous mettons \u00e0 votre disposition un produit phare de qualit\u00e9 sup\u00e9rieure et irr\u00e9prochable<\/p>\n\n\n\n<h2 class=\"wp-block-heading\"><a href=\"http:\/\/Acheter  NEMBUTAL express livraison en 48 h\"> O\u00f9 commander son Nembutal<\/a><\/h2>\n\n\n\n<p class=\"wp-block-paragraph\"> Merci pour la confiance que vous portez d\u00e9j\u00e0 \u00e0 notre plateforme depuis pratiquement plus de 3 d\u00e9cennies pour commander Il suffit de nous \u00e9crire directement sur WhatsApp ou via notre adresse mail<\/p>\n\n\n\n<p class=\"wp-block-paragraph\"><\/p>\n\n\n\n<p class=\"wp-block-paragraph\"><\/p>\n\n\n\n<figure class=\"wp-block-image size-full\"><img loading=\"lazy\" decoding=\"async\" width=\"896\" height=\"598\" src=\"https:\/\/www.achetnembutal.online\/wp-content\/uploads\/2025\/11\/000917699_896x598_c.jpg\" alt=\"Acheter  NEMBUTAL express livraison en 48 h\" class=\"wp-image-53\" srcset=\"https:\/\/www.achetnembutal.online\/wp-content\/uploads\/2025\/11\/000917699_896x598_c.jpg 896w, https:\/\/www.achetnembutal.online\/wp-content\/uploads\/2025\/11\/000917699_896x598_c-300x200.jpg 300w, https:\/\/www.achetnembutal.online\/wp-content\/uploads\/2025\/11\/000917699_896x598_c-768x513.jpg 768w\" sizes=\"auto, (max-width: 896px) 100vw, 896px\" \/><\/figure>\n\n\n\n<p class=\"wp-block-paragraph\"><\/p>\n\n\n\n<h2 class=\"wp-block-heading\"><a href=\"https:\/\/www.achetnembutal.online\/\">Acheter\u00a0 NEMBUTAL express livraison en 48 h<\/a><\/h2>\n\n\n\n<h2 class=\"wp-block-heading\"> Pourquoi nous choisir?<\/h2>\n\n\n\n<p class=\"wp-block-paragraph\">hormis l achat du Nembutal Nous vous soumettons aussi \u00e0 un questionnaire telle une consultation en ligne pour mieux prendre en compte certains param\u00e8tres<a href=\"https:\/\/www.achetnembutal.online\/index.php\/achetez-votre-nembutal\/\" data-type=\"page\" data-id=\"40\">.<\/a><\/p>\n\n\n\n<figure class=\"wp-block-image size-full\"><img loading=\"lazy\" decoding=\"async\" width=\"934\" height=\"303\" src=\"https:\/\/www.achetnembutal.online\/wp-content\/uploads\/2025\/11\/910-9106894_nembutal-pharmacy.png\" alt=\"NEMBUTAL\" class=\"wp-image-6\" srcset=\"https:\/\/www.achetnembutal.online\/wp-content\/uploads\/2025\/11\/910-9106894_nembutal-pharmacy.png 934w, https:\/\/www.achetnembutal.online\/wp-content\/uploads\/2025\/11\/910-9106894_nembutal-pharmacy-300x97.png 300w, https:\/\/www.achetnembutal.online\/wp-content\/uploads\/2025\/11\/910-9106894_nembutal-pharmacy-768x249.png 768w\" sizes=\"auto, (max-width: 934px) 100vw, 934px\" \/><\/figure>\n\n\n\n<h2 class=\"wp-block-heading\"> Acheter votre NEMBUTAL EN FRANCE <\/h2>\n\n\n\n<p class=\"wp-block-paragraph\">Acheter\u00a0 NEMBUTAL express livraison en 48 h<\/p>\n\n\n\n<p class=\"wp-block-paragraph\"> <\/p>\n","protected":false},"excerpt":{"rendered":"<p>Acheter\u00a0 NEMBUTAL express livraison en 48 h Nous mettons un accent sur la rapidit\u00e9 dans la livraison de vos commandes Nos \u00e9quipes sont sp\u00e9cialis\u00e9es et ont pour but majeur vos satisfactions N&#8217;h\u00e9sitez pas \u00e0 nous faire confiance achetez votre nembutal ici Acheter\u00a0 NEMBUTAL express livraison en 48 h Nous sommes en groupe de collaborateurs et [&hellip;]<\/p>\n","protected":false},"author":1,"featured_media":0,"parent":0,"menu_order":0,"comment_status":"closed","ping_status":"closed","template":"","meta":{"_crdt_document":"","footnotes":""},"class_list":["post-49","page","type-page","status-publish","hentry"],"_links":{"self":[{"href":"https:\/\/www.achetnembutal.online\/index.php?rest_route=\/wp\/v2\/pages\/49","targetHints":{"allow":["GET"]}}],"collection":[{"href":"https:\/\/www.achetnembutal.online\/index.php?rest_route=\/wp\/v2\/pages"}],"about":[{"href":"https:\/\/www.achetnembutal.online\/index.php?rest_route=\/wp\/v2\/types\/page"}],"author":[{"embeddable":true,"href":"https:\/\/www.achetnembutal.online\/index.php?rest_route=\/wp\/v2\/users\/1"}],"replies":[{"embeddable":true,"href":"https:\/\/www.achetnembutal.online\/index.php?rest_route=%2Fwp%2Fv2%2Fcomments&post=49"}],"version-history":[{"count":1,"href":"https:\/\/www.achetnembutal.online\/index.php?rest_route=\/wp\/v2\/pages\/49\/revisions"}],"predecessor-version":[{"id":54,"href":"https:\/\/www.achetnembutal.online\/index.php?rest_route=\/wp\/v2\/pages\/49\/revisions\/54"}],"wp:attachment":[{"href":"https:\/\/www.achetnembutal.online\/index.php?rest_route=%2Fwp%2Fv2%2Fmedia&parent=49"}],"curies":[{"name":"wp","href":"https:\/\/api.w.org\/{rel}","templated":true}]}}