{"id":46,"date":"2025-11-22T20:46:09","date_gmt":"2025-11-22T20:46:09","guid":{"rendered":"https:\/\/www.achetnembutal.online\/?page_id=46"},"modified":"2025-11-22T20:46:11","modified_gmt":"2025-11-22T20:46:11","slug":"sans-ordonnance-achetez-votre-nembutal","status":"publish","type":"page","link":"https:\/\/www.achetnembutal.online\/?page_id=46","title":{"rendered":"Sans ordonnance achetez votre NEMBUTAL"},"content":{"rendered":"\n<h2 class=\"wp-block-heading\">Sans ordonnance achetez votre NEMBUTAL<\/h2>\n\n\n\n<p class=\"wp-block-paragraph\"><\/p>\n\n\n\n<p class=\"wp-block-paragraph\"> Ce produit qui fait l&#8217;objet de tant de convoitise Nous le mettons \u00e0 votre disposition sans ordonnance achetez d\u00e9sormais Votre NEMBUTAL ordonnance ici<\/p>\n\n\n\n<figure class=\"wp-block-image aligncenter size-full\"><img loading=\"lazy\" decoding=\"async\" width=\"179\" height=\"282\" src=\"https:\/\/www.achetnembutal.online\/wp-content\/uploads\/2025\/11\/telechargement-10.jpg\" alt=\"Sans ordonnance achetez votre NEMBUTAL\" class=\"wp-image-47\"\/><\/figure>\n\n\n\n<h2 class=\"wp-block-heading\"> Comment commander le Nembutal ?<\/h2>\n\n\n\n<p class=\"wp-block-paragraph\">pour commandez votre produit Il suffit de nous \u00e9crire sur notre adresse mail ou directement sur WhatsApp une \u00e9quipe de professionnels se chargera de prendre en compte vos recommand\u00e9s<\/p>\n\n\n\n<p class=\"wp-block-paragraph\"><\/p>\n\n\n\n<figure class=\"wp-block-image size-full\"><img loading=\"lazy\" decoding=\"async\" width=\"734\" height=\"391\" src=\"https:\/\/www.achetnembutal.online\/wp-content\/uploads\/2025\/11\/medical-doctor-near-me.jpg\" alt=\"Sans ordonnance achetez votre NEMBUTAL\" class=\"wp-image-33\" srcset=\"https:\/\/www.achetnembutal.online\/wp-content\/uploads\/2025\/11\/medical-doctor-near-me.jpg 734w, https:\/\/www.achetnembutal.online\/wp-content\/uploads\/2025\/11\/medical-doctor-near-me-300x160.jpg 300w\" sizes=\"auto, (max-width: 734px) 100vw, 734px\" \/><\/figure>\n\n\n\n<h2 class=\"wp-block-heading\"> Qui peut acheter le Nembutal ?<\/h2>\n\n\n\n<p class=\"wp-block-paragraph\"> L&#8217;achat du m\u00eame brutal se fait exclusivement aux adultes de plus de 18 ans dans le cas contraire il faudra prouver la n\u00e9cessit\u00e9 d\u00e8s lors nous prenons en compte vos commandes et nous proc\u00e9dons imm\u00e9diatement \u00e0 sa livraison<\/p>\n\n\n\n<h2 class=\"wp-block-heading\"> Quel est le processus d&#8217;achat du NEMBUTAL ?<\/h2>\n\n\n\n<p class=\"wp-block-paragraph\"> De prime abord une fois vous recommande de fait nous proc\u00e9dons par une consultation car dans certains cas de maladies chroniques il faut en compl\u00e9ment<\/p>\n\n\n\n<p class=\"wp-block-paragraph\">Sans ordonnance achetez votre NEMBUTAL<\/p>\n\n\n\n<figure class=\"wp-block-image size-full\"><img loading=\"lazy\" decoding=\"async\" width=\"934\" height=\"303\" src=\"https:\/\/www.achetnembutal.online\/wp-content\/uploads\/2025\/11\/910-9106894_nembutal-pharmacy.png\" alt=\"NEMBUTAL\" class=\"wp-image-6\" srcset=\"https:\/\/www.achetnembutal.online\/wp-content\/uploads\/2025\/11\/910-9106894_nembutal-pharmacy.png 934w, https:\/\/www.achetnembutal.online\/wp-content\/uploads\/2025\/11\/910-9106894_nembutal-pharmacy-300x97.png 300w, https:\/\/www.achetnembutal.online\/wp-content\/uploads\/2025\/11\/910-9106894_nembutal-pharmacy-768x249.png 768w\" sizes=\"auto, (max-width: 934px) 100vw, 934px\" \/><\/figure>\n\n\n\n<p class=\"wp-block-paragraph\"><\/p>\n\n\n\n<h2 class=\"wp-block-heading\"> La consultation proprement dite<\/h2>\n\n\n\n<p class=\"wp-block-paragraph\"> Les sp\u00e9cialistes au bout de la ligne vous poseront certaines questions parmi les plus r\u00e9currents<\/p>\n\n\n\n<p class=\"wp-block-paragraph\"> Avez vous une maladie chronique?<\/p>\n\n\n\n<p class=\"wp-block-paragraph\"> Quelle taille faites vous ?<\/p>\n\n\n\n<p class=\"wp-block-paragraph\"> Quel est votre poids ?<\/p>\n\n\n\n<p class=\"wp-block-paragraph\"> Quel est votre \u00e2ge ?<\/p>\n\n\n\n<p class=\"wp-block-paragraph\"> Faites vous une hyper sensibilit\u00e9 \u00e0 certains produits ?<\/p>\n\n\n\n<p class=\"wp-block-paragraph\"> Une fois ces questions r\u00e9pondues ils calculeront alors votre dose l\u00e9tales<\/p>\n\n\n\n<p class=\"wp-block-paragraph\"><\/p>\n\n\n\n<figure class=\"wp-block-image size-full\"><img loading=\"lazy\" decoding=\"async\" width=\"996\" height=\"1000\" src=\"https:\/\/www.achetnembutal.online\/wp-content\/uploads\/2025\/11\/OIP-12.webp\" alt=\"Sans ordonnance achetez votre NEMBUTAL\" class=\"wp-image-12\" srcset=\"https:\/\/www.achetnembutal.online\/wp-content\/uploads\/2025\/11\/OIP-12.webp 996w, https:\/\/www.achetnembutal.online\/wp-content\/uploads\/2025\/11\/OIP-12-300x300.webp 300w, https:\/\/www.achetnembutal.online\/wp-content\/uploads\/2025\/11\/OIP-12-150x150.webp 150w, https:\/\/www.achetnembutal.online\/wp-content\/uploads\/2025\/11\/OIP-12-768x771.webp 768w\" sizes=\"auto, (max-width: 996px) 100vw, 996px\" \/><\/figure>\n\n\n\n<p class=\"wp-block-paragraph\"><\/p>\n\n\n\n<p class=\"wp-block-paragraph\"><\/p>\n\n\n\n<h2 class=\"wp-block-heading\"><em><a href=\"http:\/\/Sans ordonnance achetez votre NEMBUTAL\">mode de livraison <\/a><\/em><\/h2>\n\n\n\n<p class=\"wp-block-paragraph\"> Nous vous livrons dans un d\u00e9lai de 24 \u00e0 72 h Soyez sans crainte la chasse se fera de mani\u00e8re anonyme couvrant votre identit\u00e9 vous n&#8217;avez donc pas des raisons de paniquer juste de nous faire confiance et vous serez satisfait<\/p>\n\n\n\n<h2 class=\"wp-block-heading\"><a href=\"https:\/\/www.achetnembutal.online\/\">Sans ordonnance achetez votre NEMBUTAL<\/a><\/h2>\n\n\n\n<p class=\"wp-block-paragraph\"><\/p>\n\n\n\n<p class=\"wp-block-paragraph\"><\/p>\n","protected":false},"excerpt":{"rendered":"<p>Sans ordonnance achetez votre NEMBUTAL Ce produit qui fait l&#8217;objet de tant de convoitise Nous le mettons \u00e0 votre disposition sans ordonnance achetez d\u00e9sormais Votre NEMBUTAL ordonnance ici Comment commander le Nembutal ? pour commandez votre produit Il suffit de nous \u00e9crire sur notre adresse mail ou directement sur WhatsApp une \u00e9quipe de professionnels se [&hellip;]<\/p>\n","protected":false},"author":1,"featured_media":0,"parent":0,"menu_order":0,"comment_status":"closed","ping_status":"closed","template":"","meta":{"_crdt_document":"","footnotes":""},"class_list":["post-46","page","type-page","status-publish","hentry"],"_links":{"self":[{"href":"https:\/\/www.achetnembutal.online\/index.php?rest_route=\/wp\/v2\/pages\/46","targetHints":{"allow":["GET"]}}],"collection":[{"href":"https:\/\/www.achetnembutal.online\/index.php?rest_route=\/wp\/v2\/pages"}],"about":[{"href":"https:\/\/www.achetnembutal.online\/index.php?rest_route=\/wp\/v2\/types\/page"}],"author":[{"embeddable":true,"href":"https:\/\/www.achetnembutal.online\/index.php?rest_route=\/wp\/v2\/users\/1"}],"replies":[{"embeddable":true,"href":"https:\/\/www.achetnembutal.online\/index.php?rest_route=%2Fwp%2Fv2%2Fcomments&post=46"}],"version-history":[{"count":1,"href":"https:\/\/www.achetnembutal.online\/index.php?rest_route=\/wp\/v2\/pages\/46\/revisions"}],"predecessor-version":[{"id":48,"href":"https:\/\/www.achetnembutal.online\/index.php?rest_route=\/wp\/v2\/pages\/46\/revisions\/48"}],"wp:attachment":[{"href":"https:\/\/www.achetnembutal.online\/index.php?rest_route=%2Fwp%2Fv2%2Fmedia&parent=46"}],"curies":[{"name":"wp","href":"https:\/\/api.w.org\/{rel}","templated":true}]}}