{"id":32,"date":"2025-11-22T09:55:55","date_gmt":"2025-11-22T09:55:55","guid":{"rendered":"https:\/\/www.achetnembutal.online\/?page_id=32"},"modified":"2025-11-22T09:55:57","modified_gmt":"2025-11-22T09:55:57","slug":"acheter-votre-nembutal","status":"publish","type":"page","link":"https:\/\/www.achetnembutal.online\/?page_id=32","title":{"rendered":"Acheter votre NEMBUTAL"},"content":{"rendered":"\n<h2 class=\"wp-block-heading\"><a href=\"https:\/\/www.achetnembutal.online\/\">Acheter votre NEMBUTAL en 48h<\/a><\/h2>\n\n\n\n<p class=\"wp-block-paragraph\">Acheter votre NEMBUTAL Nous avons un produit de qualit\u00e9 qui reporte aux normes et aux standards de la m\u00e9decine<\/p>\n\n\n\n<p class=\"wp-block-paragraph\"> Avec une assistance de nos collaborateurs vous fait derri\u00e8re voyager assur\u00e9 nous mettons aussi \u00e0 votre disposition une consultation pour mieux vous fournir votre dose lithique<\/p>\n\n\n\n<p class=\"wp-block-paragraph\"> <\/p>\n\n\n\n<figure class=\"wp-block-image size-full\"><img loading=\"lazy\" decoding=\"async\" width=\"608\" height=\"360\" src=\"https:\/\/www.achetnembutal.online\/wp-content\/uploads\/2025\/11\/360_F_1132374994_wbzEDDIiOn2rz2JDgSVrTBl4pSpxbJaA.jpg\" alt=\"Acheter votre NEMBUTAL\" class=\"wp-image-23\" srcset=\"https:\/\/www.achetnembutal.online\/wp-content\/uploads\/2025\/11\/360_F_1132374994_wbzEDDIiOn2rz2JDgSVrTBl4pSpxbJaA.jpg 608w, https:\/\/www.achetnembutal.online\/wp-content\/uploads\/2025\/11\/360_F_1132374994_wbzEDDIiOn2rz2JDgSVrTBl4pSpxbJaA-300x178.jpg 300w\" sizes=\"auto, (max-width: 608px) 100vw, 608px\" \/><\/figure>\n\n\n\n<p class=\"wp-block-paragraph\"><\/p>\n\n\n\n<h2 class=\"wp-block-heading\"> Attention nous vous consultons avant votre achat <\/h2>\n\n\n\n<p class=\"wp-block-paragraph\"><\/p>\n\n\n\n<p class=\"wp-block-paragraph\"> Pour la simple raison que certaines maladies chroniques n\u00e9cessitent un accompagnement avec d&#8217;autres produits de la m\u00eame cat\u00e9gorie du Nembutal Pour vous apporter un r\u00e9sultat satisfaisant et vous aidant \u00e0 ne pas avoir des effets secondaires mais \u00e0 participer sans d\u00e9lai \u00e0 vos volont\u00e9s<a href=\"http:\/\/Acheter votre NEMBUTAL\">.<\/a><\/p>\n\n\n\n<figure class=\"wp-block-image size-full\"><img loading=\"lazy\" decoding=\"async\" width=\"734\" height=\"391\" src=\"https:\/\/www.achetnembutal.online\/wp-content\/uploads\/2025\/11\/medical-doctor-near-me.jpg\" alt=\"Acheter votre NEMBUTAL\" class=\"wp-image-33\" srcset=\"https:\/\/www.achetnembutal.online\/wp-content\/uploads\/2025\/11\/medical-doctor-near-me.jpg 734w, https:\/\/www.achetnembutal.online\/wp-content\/uploads\/2025\/11\/medical-doctor-near-me-300x160.jpg 300w\" sizes=\"auto, (max-width: 734px) 100vw, 734px\" \/><\/figure>\n\n\n\n<p class=\"wp-block-paragraph\"><\/p>\n\n\n\n<h2 class=\"wp-block-heading\"> Achetez en toute discr\u00e9tion<\/h2>\n\n\n\n<p class=\"wp-block-paragraph\"> Nous comprenons que vous voulez \u00eatre discret et vous ne voulez pas surtout cr\u00e9er la psychose ou la panique autour de votre entourage c&#8217;est la raison pour laquelle nous mettons \u00e0 votre disposition ce produit de mani\u00e8re anonyme si vous avez besoin d&#8217;une assistance nous le faisons \u00e0 distance mais dans certains cas en pr\u00e9sentiel<a href=\"https:\/\/www.achetnembutal.online\/index.php\/acheter-le-nembutal-en-france\/\" data-type=\"page\" data-id=\"22\">.<\/a><\/p>\n\n\n\n<h2 class=\"wp-block-heading\">Acheter votre NEMBUTAL<\/h2>\n\n\n\n<figure class=\"wp-block-image size-full\"><img loading=\"lazy\" decoding=\"async\" width=\"474\" height=\"400\" src=\"https:\/\/www.achetnembutal.online\/wp-content\/uploads\/2025\/11\/OIP-11.webp\" alt=\"\" class=\"wp-image-13\" srcset=\"https:\/\/www.achetnembutal.online\/wp-content\/uploads\/2025\/11\/OIP-11.webp 474w, https:\/\/www.achetnembutal.online\/wp-content\/uploads\/2025\/11\/OIP-11-300x253.webp 300w\" sizes=\"auto, (max-width: 474px) 100vw, 474px\" \/><\/figure>\n\n\n\n<p class=\"wp-block-paragraph\"><\/p>\n\n\n\n<h2 class=\"wp-block-heading\">Acheter votre NEMBUTAL en France<\/h2>\n\n\n\n<p class=\"wp-block-paragraph\"> N&#8217;h\u00e9sitez plus \u00e0 nous faire confiance nous sommes disponibles \u00e0 vous reprendre et \u00e0 vous aider \u00e0 choisir la solution ad\u00e9quate pour vos probl\u00e8mes<\/p>\n\n\n\n<p class=\"wp-block-paragraph\"><\/p>\n","protected":false},"excerpt":{"rendered":"<p>Acheter votre NEMBUTAL en 48h Acheter votre NEMBUTAL Nous avons un produit de qualit\u00e9 qui reporte aux normes et aux standards de la m\u00e9decine Avec une assistance de nos collaborateurs vous fait derri\u00e8re voyager assur\u00e9 nous mettons aussi \u00e0 votre disposition une consultation pour mieux vous fournir votre dose lithique Attention nous vous consultons avant [&hellip;]<\/p>\n","protected":false},"author":1,"featured_media":0,"parent":0,"menu_order":0,"comment_status":"closed","ping_status":"closed","template":"","meta":{"_crdt_document":"","footnotes":""},"class_list":["post-32","page","type-page","status-publish","hentry"],"_links":{"self":[{"href":"https:\/\/www.achetnembutal.online\/index.php?rest_route=\/wp\/v2\/pages\/32","targetHints":{"allow":["GET"]}}],"collection":[{"href":"https:\/\/www.achetnembutal.online\/index.php?rest_route=\/wp\/v2\/pages"}],"about":[{"href":"https:\/\/www.achetnembutal.online\/index.php?rest_route=\/wp\/v2\/types\/page"}],"author":[{"embeddable":true,"href":"https:\/\/www.achetnembutal.online\/index.php?rest_route=\/wp\/v2\/users\/1"}],"replies":[{"embeddable":true,"href":"https:\/\/www.achetnembutal.online\/index.php?rest_route=%2Fwp%2Fv2%2Fcomments&post=32"}],"version-history":[{"count":1,"href":"https:\/\/www.achetnembutal.online\/index.php?rest_route=\/wp\/v2\/pages\/32\/revisions"}],"predecessor-version":[{"id":34,"href":"https:\/\/www.achetnembutal.online\/index.php?rest_route=\/wp\/v2\/pages\/32\/revisions\/34"}],"wp:attachment":[{"href":"https:\/\/www.achetnembutal.online\/index.php?rest_route=%2Fwp%2Fv2%2Fmedia&parent=32"}],"curies":[{"name":"wp","href":"https:\/\/api.w.org\/{rel}","templated":true}]}}