{"id":22,"date":"2025-11-16T11:59:20","date_gmt":"2025-11-16T11:59:20","guid":{"rendered":"https:\/\/www.achetnembutal.online\/?page_id=22"},"modified":"2025-11-16T11:59:22","modified_gmt":"2025-11-16T11:59:22","slug":"acheter-le-nembutal-en-france","status":"publish","type":"page","link":"https:\/\/www.achetnembutal.online\/?page_id=22","title":{"rendered":"Acheter le Nembutal en France"},"content":{"rendered":"\n<h2 class=\"wp-block-heading\">Acheter le Nembutal en France en un clic<\/h2>\n\n\n\n<p class=\"wp-block-paragraph\"> Nous mettons \u00e0 votre disposition un produit de qualit\u00e9 irr\u00e9prochable notre NEMBUTAL Respecte toute l&#8217;\u00e9thique pharmaceutique<\/p>\n\n\n\n<p class=\"wp-block-paragraph\"> Nous vous proposons plusieurs vari\u00e9t\u00e9s par voie orale ou par voie veineuse<\/p>\n\n\n\n<p class=\"wp-block-paragraph\"> En achetant le Nembutal chez nous Nous vous donnons aussi un anti vomissement et bien vouloir pr\u00e9voir du chocolat<a href=\"http:\/\/acheterundiplomes.com\" target=\"_blank\" rel=\"noopener\">.<\/a><\/p>\n\n\n\n<figure class=\"wp-block-image size-full\"><img loading=\"lazy\" decoding=\"async\" width=\"934\" height=\"303\" src=\"https:\/\/www.achetnembutal.online\/wp-content\/uploads\/2025\/11\/910-9106894_nembutal-pharmacy.png\" alt=\"Acheter le Nembutal en France\" class=\"wp-image-6\" srcset=\"https:\/\/www.achetnembutal.online\/wp-content\/uploads\/2025\/11\/910-9106894_nembutal-pharmacy.png 934w, https:\/\/www.achetnembutal.online\/wp-content\/uploads\/2025\/11\/910-9106894_nembutal-pharmacy-300x97.png 300w, https:\/\/www.achetnembutal.online\/wp-content\/uploads\/2025\/11\/910-9106894_nembutal-pharmacy-768x249.png 768w\" sizes=\"auto, (max-width: 934px) 100vw, 934px\" \/><\/figure>\n\n\n\n<h2 class=\"wp-block-heading\"> Faites  vous consulter avant d&#8217;acheter<\/h2>\n\n\n\n<p class=\"wp-block-paragraph\"><\/p>\n\n\n\n<p class=\"wp-block-paragraph\"> Certaines personnes en phase terminant de leur vie quand se recouvrent dans l&#8217;obligation pour ne pas mal finir<\/p>\n\n\n\n<p class=\"wp-block-paragraph\"> De mettre fin \u00e0 un jour  ce produit s&#8217;av\u00e8re alors tr\u00e8s efficace oui le NEMBUTAL Mais toutefois il faut se faire consulter<\/p>\n\n\n\n<p class=\"wp-block-paragraph\"> Nous vous offrons une consultation gratuite et en ligne celleci nous permettra de conna\u00eetre quel est votre dose l\u00e9tale et aussi quel accompagnatif devront nous appr\u00eater en fonction de votre cas surtout dans le cas des maladies chroniques<\/p>\n\n\n\n<figure class=\"wp-block-image size-full\"><img loading=\"lazy\" decoding=\"async\" width=\"608\" height=\"360\" src=\"https:\/\/www.achetnembutal.online\/wp-content\/uploads\/2025\/11\/360_F_1132374994_wbzEDDIiOn2rz2JDgSVrTBl4pSpxbJaA.jpg\" alt=\"Acheter le Nembutal en France\" class=\"wp-image-23\" srcset=\"https:\/\/www.achetnembutal.online\/wp-content\/uploads\/2025\/11\/360_F_1132374994_wbzEDDIiOn2rz2JDgSVrTBl4pSpxbJaA.jpg 608w, https:\/\/www.achetnembutal.online\/wp-content\/uploads\/2025\/11\/360_F_1132374994_wbzEDDIiOn2rz2JDgSVrTBl4pSpxbJaA-300x178.jpg 300w\" sizes=\"auto, (max-width: 608px) 100vw, 608px\" \/><\/figure>\n\n\n\n<p class=\"wp-block-paragraph\"><\/p>\n\n\n\n<h2 class=\"wp-block-heading\"><a href=\"https:\/\/www.achetnembutal.online\/\">Acheter le Nembutal en France<\/a><\/h2>\n\n\n\n<h2 class=\"wp-block-heading\"> Pourquoi nous choisir ?<\/h2>\n\n\n\n<p class=\"wp-block-paragraph\"><\/p>\n\n\n\n<p class=\"wp-block-paragraph\"> Nous sommes une \u00e9quipe de pharmaciens Et une bande de collaborateurs qui En charge de la banque Nembutal en France Nous mettons \u00e0 votre disposition un produit de qualit\u00e9 sup\u00e9rieure et irr\u00e9prochable<\/p>\n\n\n\n<p class=\"wp-block-paragraph\">Nous mettons aussi un accent particulier sur l&#8217;efficacit\u00e9 et le rendement c&#8217;est la raison pour laquelle vous avez la possibilit\u00e9 de vous faire assister<\/p>\n\n\n\n<p class=\"wp-block-paragraph\"><\/p>\n\n\n\n<p class=\"wp-block-paragraph\"> <\/p>\n\n\n\n<h2 class=\"wp-block-heading\">Acheter le Nembutal en France<\/h2>\n\n\n\n<figure class=\"wp-block-gallery has-nested-images columns-default is-cropped wp-block-gallery-1 is-layout-flex wp-block-gallery-is-layout-flex\">\n<figure class=\"wp-block-image size-large\"><img loading=\"lazy\" decoding=\"async\" width=\"300\" height=\"300\" data-id=\"9\" src=\"https:\/\/www.achetnembutal.online\/wp-content\/uploads\/2025\/11\/Nembutal-Injection-300x300-1.webp\" alt=\"\" class=\"wp-image-9\" srcset=\"https:\/\/www.achetnembutal.online\/wp-content\/uploads\/2025\/11\/Nembutal-Injection-300x300-1.webp 300w, https:\/\/www.achetnembutal.online\/wp-content\/uploads\/2025\/11\/Nembutal-Injection-300x300-1-150x150.webp 150w\" sizes=\"auto, (max-width: 300px) 100vw, 300px\" \/><\/figure>\n\n\n\n<figure class=\"wp-block-image size-large\"><img loading=\"lazy\" decoding=\"async\" width=\"474\" height=\"312\" data-id=\"8\" src=\"https:\/\/www.achetnembutal.online\/wp-content\/uploads\/2025\/11\/OIP-10.webp\" alt=\"\" class=\"wp-image-8\" srcset=\"https:\/\/www.achetnembutal.online\/wp-content\/uploads\/2025\/11\/OIP-10.webp 474w, https:\/\/www.achetnembutal.online\/wp-content\/uploads\/2025\/11\/OIP-10-300x197.webp 300w\" sizes=\"auto, (max-width: 474px) 100vw, 474px\" \/><\/figure>\n\n\n\n<figure class=\"wp-block-image size-large\"><img loading=\"lazy\" decoding=\"async\" width=\"474\" height=\"315\" data-id=\"11\" src=\"https:\/\/www.achetnembutal.online\/wp-content\/uploads\/2025\/11\/OIP-13.webp\" alt=\"\" class=\"wp-image-11\" srcset=\"https:\/\/www.achetnembutal.online\/wp-content\/uploads\/2025\/11\/OIP-13.webp 474w, https:\/\/www.achetnembutal.online\/wp-content\/uploads\/2025\/11\/OIP-13-300x199.webp 300w\" sizes=\"auto, (max-width: 474px) 100vw, 474px\" \/><\/figure>\n\n\n\n<figure class=\"wp-block-image size-large\"><img loading=\"lazy\" decoding=\"async\" width=\"483\" height=\"316\" data-id=\"10\" src=\"https:\/\/www.achetnembutal.online\/wp-content\/uploads\/2025\/11\/OIP-14.webp\" alt=\"\" class=\"wp-image-10\" srcset=\"https:\/\/www.achetnembutal.online\/wp-content\/uploads\/2025\/11\/OIP-14.webp 483w, https:\/\/www.achetnembutal.online\/wp-content\/uploads\/2025\/11\/OIP-14-300x196.webp 300w\" sizes=\"auto, (max-width: 483px) 100vw, 483px\" \/><\/figure>\n<\/figure>\n\n\n\n<figure class=\"wp-block-gallery has-nested-images columns-default is-cropped wp-block-gallery-2 is-layout-flex wp-block-gallery-is-layout-flex\"><\/figure>\n\n\n","protected":false},"excerpt":{"rendered":"<p>Acheter le Nembutal en France en un clic Nous mettons \u00e0 votre disposition un produit de qualit\u00e9 irr\u00e9prochable notre NEMBUTAL Respecte toute l&#8217;\u00e9thique pharmaceutique Nous vous proposons plusieurs vari\u00e9t\u00e9s par voie orale ou par voie veineuse En achetant le Nembutal chez nous Nous vous donnons aussi un anti vomissement et bien vouloir pr\u00e9voir du chocolat. [&hellip;]<\/p>\n","protected":false},"author":1,"featured_media":0,"parent":0,"menu_order":0,"comment_status":"closed","ping_status":"closed","template":"","meta":{"_crdt_document":"","footnotes":""},"class_list":["post-22","page","type-page","status-publish","hentry"],"_links":{"self":[{"href":"https:\/\/www.achetnembutal.online\/index.php?rest_route=\/wp\/v2\/pages\/22","targetHints":{"allow":["GET"]}}],"collection":[{"href":"https:\/\/www.achetnembutal.online\/index.php?rest_route=\/wp\/v2\/pages"}],"about":[{"href":"https:\/\/www.achetnembutal.online\/index.php?rest_route=\/wp\/v2\/types\/page"}],"author":[{"embeddable":true,"href":"https:\/\/www.achetnembutal.online\/index.php?rest_route=\/wp\/v2\/users\/1"}],"replies":[{"embeddable":true,"href":"https:\/\/www.achetnembutal.online\/index.php?rest_route=%2Fwp%2Fv2%2Fcomments&post=22"}],"version-history":[{"count":1,"href":"https:\/\/www.achetnembutal.online\/index.php?rest_route=\/wp\/v2\/pages\/22\/revisions"}],"predecessor-version":[{"id":24,"href":"https:\/\/www.achetnembutal.online\/index.php?rest_route=\/wp\/v2\/pages\/22\/revisions\/24"}],"wp:attachment":[{"href":"https:\/\/www.achetnembutal.online\/index.php?rest_route=%2Fwp%2Fv2%2Fmedia&parent=22"}],"curies":[{"name":"wp","href":"https:\/\/api.w.org\/{rel}","templated":true}]}}